{"id":8,"date":"2011-05-30T06:07:20","date_gmt":"2011-05-30T06:07:20","guid":{"rendered":"http:\/\/octavioalarcon.com\/?page_id=8"},"modified":"2020-05-08T20:29:10","modified_gmt":"2020-05-09T00:29:10","slug":"acerca-de-2","status":"publish","type":"page","link":"https:\/\/octavioalarcon.com\/","title":{"rendered":"Bienvenidos"},"content":{"rendered":"\n<h1 class=\"wp-block-heading\"><figure><a href=\"http:\/\/octavioalarcon.com\/wp-content\/uploads\/2011\/05\/octavio.jpg\"><img loading=\"lazy\" decoding=\"async\" class=\"size-full wp-image-283 alignright\" src=\"http:\/\/octavioalarcon.com\/wp-content\/uploads\/2011\/05\/octavio.jpg\" alt=\"octavio\" width=\"128\" height=\"128\" srcset=\"https:\/\/octavioalarcon.com\/wp-content\/uploads\/2011\/05\/octavio.jpg 128w, https:\/\/octavioalarcon.com\/wp-content\/uploads\/2011\/05\/octavio-150x150.jpg 150w, https:\/\/octavioalarcon.com\/wp-content\/uploads\/2011\/05\/octavio-160x160.jpg 160w\" sizes=\"auto, (max-width: 128px) 100vw, 128px\" \/><\/a><\/figure><\/h1>\n\n\n\n<div class=\"wp-block-group\"><div class=\"wp-block-group__inner-container is-layout-flow wp-block-group-is-layout-flow\">\n<h2 class=\"wp-block-heading\"><strong><a href=\"https:\/\/octavioalarcon.com\/?cat=7\">Nuevos Videos<\/a><\/strong><\/h2>\n\n\n\n<p>Estimados visitantes de este espacio de comunicaci\u00f3n e <br>informaci\u00f3n profesional, intento compartir con ustedes<br>mis experiencias en el \u00e1mbito de la Educaci\u00f3n, Salud y <br>Motricidad humana (actividad f\u00edsica, deportes, <br>expresi\u00f3n corporal, juegos).<\/p>\n<\/div><\/div>\n\n\n\n<div class=\"wp-block-image\"><figure class=\"alignright\"><img loading=\"lazy\" decoding=\"async\" width=\"222\" height=\"300\" src=\"http:\/\/octavioalarcon.com\/wp-content\/uploads\/2011\/05\/octa-portada-222x300.jpg\" alt=\"octa portada\" class=\"wp-image-299\" srcset=\"https:\/\/octavioalarcon.com\/wp-content\/uploads\/2011\/05\/octa-portada-222x300.jpg 222w, https:\/\/octavioalarcon.com\/wp-content\/uploads\/2011\/05\/octa-portada.jpg 533w\" sizes=\"auto, (max-width: 222px) 100vw, 222px\" \/><\/figure><\/div>\n\n\n\n<p>Adem\u00e1s de experiencias de Liderazgo y &nbsp;Gesti\u00f3n <br>en el \u00e1mbito deportivo educacional.<\/p>\n\n\n\n<p>Lo anterior desde una perspectiva acad\u00e9mica.<\/p>\n\n\n\n<p>Este espacio est\u00e1 en creaci\u00f3n y agradecer\u00e9 puedan retroalimentar para que la informaci\u00f3n compartida sea un aporte para el desarrollo de nuestra especialidad.<\/p>\n\n\n\n<p>Prof. Octavio Alarc\u00f3n Uribe<\/p>\n","protected":false},"excerpt":{"rendered":"<p>Nuevos Videos Estimados visitantes de este espacio de comunicaci\u00f3n e informaci\u00f3n profesional, intento compartir con ustedesmis experiencias en el \u00e1mbito de la Educaci\u00f3n, Salud y Motricidad humana (actividad f\u00edsica, deportes, expresi\u00f3n corporal, juegos). Adem\u00e1s&#46;&#46;&#46;<\/p>\n","protected":false},"author":1,"featured_media":0,"parent":0,"menu_order":0,"comment_status":"closed","ping_status":"closed","template":"","meta":{"footnotes":""},"class_list":["post-8","page","type-page","status-publish","hentry"],"_links":{"self":[{"href":"https:\/\/octavioalarcon.com\/index.php?rest_route=\/wp\/v2\/pages\/8","targetHints":{"allow":["GET"]}}],"collection":[{"href":"https:\/\/octavioalarcon.com\/index.php?rest_route=\/wp\/v2\/pages"}],"about":[{"href":"https:\/\/octavioalarcon.com\/index.php?rest_route=\/wp\/v2\/types\/page"}],"author":[{"embeddable":true,"href":"https:\/\/octavioalarcon.com\/index.php?rest_route=\/wp\/v2\/users\/1"}],"replies":[{"embeddable":true,"href":"https:\/\/octavioalarcon.com\/index.php?rest_route=%2Fwp%2Fv2%2Fcomments&post=8"}],"version-history":[{"count":13,"href":"https:\/\/octavioalarcon.com\/index.php?rest_route=\/wp\/v2\/pages\/8\/revisions"}],"predecessor-version":[{"id":406,"href":"https:\/\/octavioalarcon.com\/index.php?rest_route=\/wp\/v2\/pages\/8\/revisions\/406"}],"wp:attachment":[{"href":"https:\/\/octavioalarcon.com\/index.php?rest_route=%2Fwp%2Fv2%2Fmedia&parent=8"}],"curies":[{"name":"wp","href":"https:\/\/api.w.org\/{rel}","templated":true}]}}